{"id":3,"date":"2026-03-27T17:30:21","date_gmt":"2026-03-27T17:30:21","guid":{"rendered":"http:\/\/www.virginiedelalune.com\/?page_id=3"},"modified":"2026-04-09T15:05:11","modified_gmt":"2026-04-09T14:05:11","slug":"mentions-legales","status":"publish","type":"page","link":"https:\/\/www.virginiedelalune.com\/index.php\/mentions-legales\/","title":{"rendered":"Mentions l\u00e9gales"},"content":{"rendered":"\n<h2 class=\"wp-block-heading\">\u00c9diteur du site<\/h2>\n\n\n\n<p>Virginie G\u00e9r\u00f4me<\/p>\n\n\n\n<p>1 avenue du maquis<\/p>\n\n\n\n<p>11300 Limoux<\/p>\n\n\n\n<p>E-mail : <a href=\"mailto:informations@virginiedelalune.fr\">informations@virginiedelalune.fr<\/a><\/p>\n\n\n\n<p>Activit\u00e9 : Artiste-auteur<\/p>\n\n\n\n<p>SIRET : 511 389 926 00052<\/p>\n\n\n\n<p>Directrice de la publication<\/p>\n\n\n\n<p>Virginie G\u00e9r\u00f4me<\/p>\n\n\n\n<p>H\u00e9bergement<\/p>\n\n\n\n<p>OVH<\/p>\n\n\n\n<p>SAS au capital de 50 000 000 \u20ac<\/p>\n\n\n\n<p>RCS Lille M\u00e9tropole 424 761 419 00045<\/p>\n\n\n\n<p>Code APE 2620Z<\/p>\n\n\n\n<p>TVA : FR 22 424 761 419<\/p>\n\n\n\n<p>Si\u00e8ge social : 2 rue Kellermann &#8211; 59100 Roubaix &#8211; France<\/p>\n\n\n\n<p>Propri\u00e9t\u00e9 intellectuelle<\/p>\n\n\n\n<p>Les contenus, textes, visuels, illustrations, photographies et \u00e9l\u00e9ments graphiques pr\u00e9sents sur ce site sont prot\u00e9g\u00e9s. Toute reproduction, r\u00e9utilisation ou diffusion sans autorisation pr\u00e9alable est interdite, sauf mention contraire.<\/p>\n\n\n\n<p><\/p>\n","protected":false},"excerpt":{"rendered":"<p>\u00c9diteur du site Virginie G\u00e9r\u00f4me 1 avenue du maquis 11300 Limoux E-mail : informations@virginiedelalune.fr Activit\u00e9 : Artiste-auteur SIRET : 511 389 926 00052 Directrice de la publication Virginie G\u00e9r\u00f4me H\u00e9bergement OVH SAS au capital de 50 000 000 \u20ac RCS Lille M\u00e9tropole 424 761 419 00045 Code APE 2620Z TVA : FR 22 424 761 [&hellip;]<\/p>\n","protected":false},"author":3,"featured_media":0,"parent":0,"menu_order":0,"comment_status":"closed","ping_status":"open","template":"","meta":{"footnotes":""},"class_list":["post-3","page","type-page","status-publish","hentry"],"_links":{"self":[{"href":"https:\/\/www.virginiedelalune.com\/index.php\/wp-json\/wp\/v2\/pages\/3","targetHints":{"allow":["GET"]}}],"collection":[{"href":"https:\/\/www.virginiedelalune.com\/index.php\/wp-json\/wp\/v2\/pages"}],"about":[{"href":"https:\/\/www.virginiedelalune.com\/index.php\/wp-json\/wp\/v2\/types\/page"}],"author":[{"embeddable":true,"href":"https:\/\/www.virginiedelalune.com\/index.php\/wp-json\/wp\/v2\/users\/3"}],"replies":[{"embeddable":true,"href":"https:\/\/www.virginiedelalune.com\/index.php\/wp-json\/wp\/v2\/comments?post=3"}],"version-history":[{"count":1,"href":"https:\/\/www.virginiedelalune.com\/index.php\/wp-json\/wp\/v2\/pages\/3\/revisions"}],"predecessor-version":[{"id":47,"href":"https:\/\/www.virginiedelalune.com\/index.php\/wp-json\/wp\/v2\/pages\/3\/revisions\/47"}],"wp:attachment":[{"href":"https:\/\/www.virginiedelalune.com\/index.php\/wp-json\/wp\/v2\/media?parent=3"}],"curies":[{"name":"wp","href":"https:\/\/api.w.org\/{rel}","templated":true}]}}